{"id":1486,"date":"2023-09-30T12:05:10","date_gmt":"2023-09-30T10:05:10","guid":{"rendered":"https:\/\/evvsm.com\/newsite\/?page_id=1486"},"modified":"2023-10-06T16:10:05","modified_gmt":"2023-10-06T14:10:05","slug":"licences","status":"publish","type":"page","link":"https:\/\/evvsm.com\/newsite\/licences\/","title":{"rendered":"L"},"content":{"rendered":"<p>Cliquez sur la cat\u00e9gorie souhait\u00e9e :<br \/>\n<a href=\"https:\/\/evvsm.com\/newsite\/wp-content\/uploads\/M9-M11-Cartes.pdf\">M9-M11<\/a><br \/>\n<a href=\"https:\/\/evvsm.com\/newsite\/wp-content\/uploads\/M13-Cartes.pdf\">M13<\/a><br \/>\n<a href=\"https:\/\/evvsm.com\/newsite\/wp-content\/uploads\/M15F-Cartes.pdf\">M15 F<\/a><br \/>\n<a href=\"https:\/\/evvsm.com\/newsite\/wp-content\/uploads\/M15G-Cartes.pdf\">M15 G<\/a><br \/>\n<a href=\"https:\/\/evvsm.com\/newsite\/wp-content\/uploads\/M18F-Cartes.pdf\">M18 F<\/a><br \/>\n<a href=\"https:\/\/evvsm.com\/newsite\/wp-content\/uploads\/M18G-Cartes.pdf\">M18 G<\/a><\/p>\n<p><a href=\"https:\/\/evvsm.com\/newsite\/wp-content\/uploads\/R1M-Cartes.pdf\">Seniors G R\u00e9g<\/a><br \/>\n<a href=\"https:\/\/evvsm.com\/newsite\/wp-content\/uploads\/DEP-Cartes.pdf\">Seniors G D\u00e9p<\/a><br \/>\n<a href=\"https:\/\/evvsm.com\/newsite\/wp-content\/uploads\/R1F-Cartes.pdf\">S\u00e9niors F R\u00e9g<\/a><\/p>\n","protected":false},"excerpt":{"rendered":"<p>Cliquez sur la cat\u00e9gorie souhait\u00e9e : M9-M11 M13 M15 F M15 G M18 F M18 G Seniors G R\u00e9g Seniors G D\u00e9p S\u00e9niors F R\u00e9g<\/p>\n","protected":false},"author":8,"featured_media":0,"parent":0,"menu_order":0,"comment_status":"closed","ping_status":"closed","template":"","meta":[],"_links":{"self":[{"href":"https:\/\/evvsm.com\/newsite\/wp-json\/wp\/v2\/pages\/1486"}],"collection":[{"href":"https:\/\/evvsm.com\/newsite\/wp-json\/wp\/v2\/pages"}],"about":[{"href":"https:\/\/evvsm.com\/newsite\/wp-json\/wp\/v2\/types\/page"}],"author":[{"embeddable":true,"href":"https:\/\/evvsm.com\/newsite\/wp-json\/wp\/v2\/users\/8"}],"replies":[{"embeddable":true,"href":"https:\/\/evvsm.com\/newsite\/wp-json\/wp\/v2\/comments?post=1486"}],"version-history":[{"count":5,"href":"https:\/\/evvsm.com\/newsite\/wp-json\/wp\/v2\/pages\/1486\/revisions"}],"predecessor-version":[{"id":1532,"href":"https:\/\/evvsm.com\/newsite\/wp-json\/wp\/v2\/pages\/1486\/revisions\/1532"}],"wp:attachment":[{"href":"https:\/\/evvsm.com\/newsite\/wp-json\/wp\/v2\/media?parent=1486"}],"curies":[{"name":"wp","href":"https:\/\/api.w.org\/{rel}","templated":true}]}}