{"id":19,"date":"2011-08-28T23:01:23","date_gmt":"2011-08-28T21:01:23","guid":{"rendered":"http:\/\/evvsm.com\/newsite\/?page_id=19"},"modified":"2024-10-14T14:26:33","modified_gmt":"2024-10-14T12:26:33","slug":"les-equipes","status":"publish","type":"page","link":"https:\/\/evvsm.com\/newsite\/les-equipes\/","title":{"rendered":"Les \u00e9quipes"},"content":{"rendered":"<p><strong>L&rsquo;\u00e9quipe s\u00e9nior f\u00e9minine<\/strong> &#8211; Pour cette saison 2024-2024 en R\u00e9gionale, les <strong>Space Girls\u00a0<\/strong>visent le podium, apr\u00e8s le retour \u00e0 la comp\u00e9tition l&rsquo;ann\u00e9e derni\u00e8re !<\/p>\n<p>Apr\u00e8s quelques saisons de restructuration, l\u2019\u00e9quipe se renouvelle avec des nouvelles ambitions pour la saison 2024\/2025. Avec un effectif renforc\u00e9 et une dynamique positive, les Space Girls sont d\u00e9termin\u00e9es \u00e0 faire un retour remarqu\u00e9 en pr\u00e9nationale. Actuellement en R\u00e9gionale, elles ont pour objectif de dominer leur championnat et de retrouver le niveau pr\u00e9national d\u00e8s la saison prochaine, avec des performances solides tout au long de cette ann\u00e9e.<\/p>\n<p><img loading=\"lazy\" class=\"alignnone wp-image-1641 size-medium\" src=\"https:\/\/evvsm.com\/newsite\/wp-content\/uploads\/WhatsApp-Image-2024-10-14-at-12.16.39-edited-300x225.jpeg\" alt=\"\" width=\"300\" height=\"225\" srcset=\"https:\/\/evvsm.com\/newsite\/wp-content\/uploads\/WhatsApp-Image-2024-10-14-at-12.16.39-edited-300x225.jpeg 300w, https:\/\/evvsm.com\/newsite\/wp-content\/uploads\/WhatsApp-Image-2024-10-14-at-12.16.39-edited.jpeg 522w\" sizes=\"(max-width: 300px) 100vw, 300px\" \/><\/p>\n<p><strong>L&rsquo;\u00e9quipe\u00a0s\u00e9nior masculine<\/strong>\u00a0&#8211; Apr\u00e8s une saison 2015\/2016 au sommet de la pr\u00e9nationale avec un titre remport\u00e9 lors du dernier match des playoffs, une saison 2016\/2017 qui les a port\u00e9s aux playoffs du niveau r\u00e9gional, et une saison 2017\/2018 \u00e0 la 1\u00e8re place du championnat r\u00e9gional,\u00a0 les <strong>Space Boys<\/strong> \u00e9voluent au niveau r\u00e9gional pour cette saison 2018\/2019 avec pour objectif de maintenir cette 1\u00e8re place !! Suite \u00e0 plusieurs saisons de travail et de progression, l&rsquo;\u00e9quipe a brillamment termin\u00e9 le championnat r\u00e9gional 2023\/2024, leur permettant de revenir en pr\u00e9nationale pour la saison 2024\/2025. Ce retour au niveau pr\u00e9national est le r\u00e9sultat d&rsquo;un excellent parcours l&rsquo;an dernier, et les Space Boys visent maintenant \u00e0 s&rsquo;imposer dans ce championnat avec autant de succ\u00e8s qu&rsquo;ils ont eu en r\u00e9gional.<\/p>\n<p><img loading=\"lazy\" class=\"alignnone wp-image-1645 size-medium\" src=\"https:\/\/evvsm.com\/newsite\/wp-content\/uploads\/WhatsApp-Image-2024-10-14-at-12.21.53-1-edited-300x225.jpeg\" alt=\"\" width=\"300\" height=\"225\" srcset=\"https:\/\/evvsm.com\/newsite\/wp-content\/uploads\/WhatsApp-Image-2024-10-14-at-12.21.53-1-edited-300x225.jpeg 300w, https:\/\/evvsm.com\/newsite\/wp-content\/uploads\/WhatsApp-Image-2024-10-14-at-12.21.53-1-edited-768x576.jpeg 768w, https:\/\/evvsm.com\/newsite\/wp-content\/uploads\/WhatsApp-Image-2024-10-14-at-12.21.53-1-edited.jpeg 930w\" sizes=\"(max-width: 300px) 100vw, 300px\" \/><\/p>\n<p><strong>Les \u00e9quipes jeunes<\/strong>\u00a0&#8211; Elles auront \u00e0 c\u0153ur cette ann\u00e9e encore, de r\u00e9aliser une autre belle saison. Cette ann\u00e9e, sont engag\u00e9s en championnat r\u00e9gional les M13 (Filles\/Gar\u00e7ons), M15 Filles, M15 Gar\u00e7ons, ainsi que les M17 Filles ! Souhaitons-leur toute la r\u00e9ussite qu&rsquo;ils m\u00e9ritent !<\/p>\n<div id=\"attachment_1112\" style=\"width: 310px\" class=\"wp-caption aligncenter\"><img aria-describedby=\"caption-attachment-1112\" loading=\"lazy\" class=\"wp-image-1112\" src=\"http:\/\/evvsm.com\/newsite\/wp-content\/uploads\/2011\/08\/M15F_20181310-576x1024.jpg\" alt=\"\" width=\"300\" height=\"533\" srcset=\"https:\/\/evvsm.com\/newsite\/wp-content\/uploads\/2011\/08\/M15F_20181310-576x1024.jpg 576w, https:\/\/evvsm.com\/newsite\/wp-content\/uploads\/2011\/08\/M15F_20181310-169x300.jpg 169w, https:\/\/evvsm.com\/newsite\/wp-content\/uploads\/2011\/08\/M15F_20181310-768x1365.jpg 768w, https:\/\/evvsm.com\/newsite\/wp-content\/uploads\/2011\/08\/M15F_20181310.jpg 1755w\" sizes=\"(max-width: 300px) 100vw, 300px\" \/><p id=\"caption-attachment-1112\" class=\"wp-caption-text\">M15F Saison 2018\/19<\/p><\/div>\n<div id=\"attachment_1054\" style=\"width: 416px\" class=\"wp-caption aligncenter\"><img aria-describedby=\"caption-attachment-1054\" loading=\"lazy\" class=\"wp-image-1054\" src=\"http:\/\/evvsm.com\/newsite\/wp-content\/uploads\/2011\/08\/2017-18_M17G-1024x822.jpg\" alt=\"\" width=\"406\" height=\"326\" srcset=\"https:\/\/evvsm.com\/newsite\/wp-content\/uploads\/2011\/08\/2017-18_M17G-1024x822.jpg 1024w, https:\/\/evvsm.com\/newsite\/wp-content\/uploads\/2011\/08\/2017-18_M17G-300x241.jpg 300w, https:\/\/evvsm.com\/newsite\/wp-content\/uploads\/2011\/08\/2017-18_M17G-768x616.jpg 768w\" sizes=\"(max-width: 406px) 100vw, 406px\" \/><p id=\"caption-attachment-1054\" class=\"wp-caption-text\">M17G Saison 2017\/18<\/p><\/div>\n<div id=\"attachment_903\" style=\"width: 650px\" class=\"wp-caption aligncenter\"><img aria-describedby=\"caption-attachment-903\" loading=\"lazy\" class=\"wp-image-903 size-large\" src=\"http:\/\/evvsm.com\/newsite\/wp-content\/uploads\/2011\/08\/M17_F-1024x513.jpg\" alt=\"\" width=\"640\" height=\"321\" srcset=\"https:\/\/evvsm.com\/newsite\/wp-content\/uploads\/2011\/08\/M17_F-1024x513.jpg 1024w, https:\/\/evvsm.com\/newsite\/wp-content\/uploads\/2011\/08\/M17_F-300x150.jpg 300w, https:\/\/evvsm.com\/newsite\/wp-content\/uploads\/2011\/08\/M17_F-768x385.jpg 768w\" sizes=\"(max-width: 640px) 100vw, 640px\" \/><p id=\"caption-attachment-903\" class=\"wp-caption-text\">M17F Saison 2016-2017<\/p><\/div>\n<p>Par ailleurs, nos M9 et M11 sont pr\u00e9sents aux regroupements r\u00e9gionaux ayant lieu tout au long de la saison.<\/p>\n<p><strong>Les loisirs<\/strong> &#8211; Une trentaine de licenci\u00e9s qui participent beaucoup \u00e0 l&rsquo;animation du club ! De la bonne humeur avant tout, et remise en jeu de leur titre de Champion du Challenge Loisir du d\u00e9partement de l&rsquo;Eure, pour la quatri\u00e8me ann\u00e9e cons\u00e9cutive !!<\/p>\n<div id=\"attachment_1051\" style=\"width: 650px\" class=\"wp-caption aligncenter\"><img aria-describedby=\"caption-attachment-1051\" loading=\"lazy\" class=\"size-large wp-image-1051\" src=\"http:\/\/evvsm.com\/newsite\/wp-content\/uploads\/2011\/08\/2017-05-04_loisirs-1024x349.png\" alt=\"\" width=\"640\" height=\"218\" srcset=\"https:\/\/evvsm.com\/newsite\/wp-content\/uploads\/2011\/08\/2017-05-04_loisirs-1024x349.png 1024w, https:\/\/evvsm.com\/newsite\/wp-content\/uploads\/2011\/08\/2017-05-04_loisirs-300x102.png 300w, https:\/\/evvsm.com\/newsite\/wp-content\/uploads\/2011\/08\/2017-05-04_loisirs-768x262.png 768w, https:\/\/evvsm.com\/newsite\/wp-content\/uploads\/2011\/08\/2017-05-04_loisirs.png 1330w\" sizes=\"(max-width: 640px) 100vw, 640px\" \/><p id=\"caption-attachment-1051\" class=\"wp-caption-text\">Tournoi Loisirs \u00e0 Vernon<\/p><\/div>\n","protected":false},"excerpt":{"rendered":"<p>L&rsquo;\u00e9quipe s\u00e9nior f\u00e9minine &#8211; Pour cette saison 2024-2024 en R\u00e9gionale, les Space Girls\u00a0visent le podium, apr\u00e8s le retour \u00e0 la comp\u00e9tition l&rsquo;ann\u00e9e derni\u00e8re ! Apr\u00e8s quelques saisons de restructuration, l\u2019\u00e9quipe se renouvelle avec des nouvelles ambitions pour la saison 2024\/2025. &hellip; <a href=\"https:\/\/evvsm.com\/newsite\/les-equipes\/\">En lire plus <span class=\"meta-nav\">&rarr;<\/span><\/a><\/p>\n","protected":false},"author":1,"featured_media":0,"parent":0,"menu_order":0,"comment_status":"closed","ping_status":"closed","template":"","meta":[],"_links":{"self":[{"href":"https:\/\/evvsm.com\/newsite\/wp-json\/wp\/v2\/pages\/19"}],"collection":[{"href":"https:\/\/evvsm.com\/newsite\/wp-json\/wp\/v2\/pages"}],"about":[{"href":"https:\/\/evvsm.com\/newsite\/wp-json\/wp\/v2\/types\/page"}],"author":[{"embeddable":true,"href":"https:\/\/evvsm.com\/newsite\/wp-json\/wp\/v2\/users\/1"}],"replies":[{"embeddable":true,"href":"https:\/\/evvsm.com\/newsite\/wp-json\/wp\/v2\/comments?post=19"}],"version-history":[{"count":36,"href":"https:\/\/evvsm.com\/newsite\/wp-json\/wp\/v2\/pages\/19\/revisions"}],"predecessor-version":[{"id":1759,"href":"https:\/\/evvsm.com\/newsite\/wp-json\/wp\/v2\/pages\/19\/revisions\/1759"}],"wp:attachment":[{"href":"https:\/\/evvsm.com\/newsite\/wp-json\/wp\/v2\/media?parent=19"}],"curies":[{"name":"wp","href":"https:\/\/api.w.org\/{rel}","templated":true}]}}