{"id":21,"date":"2011-08-28T23:04:53","date_gmt":"2011-08-28T21:04:53","guid":{"rendered":"http:\/\/evvsm.com\/newsite\/?page_id=21"},"modified":"2025-09-08T16:49:18","modified_gmt":"2025-09-08T14:49:18","slug":"inscription","status":"publish","type":"page","link":"https:\/\/evvsm.com\/newsite\/inscription\/","title":{"rendered":"Inscription"},"content":{"rendered":"<p>Les inscriptions pour la saison 2025-2026 ont d\u00e9marr\u00e9 !<\/p>\n<p>A partir de cette saison, l&rsquo;inscription se fait en ligne. Pensez \u00e0 vous munir d&rsquo;une photo d&rsquo;identit\u00e9 et d&rsquo;une photocopie de la carte d&rsquo;identit\u00e9 ou livret de famille.<b><\/b><\/p>\n<p>L&rsquo;inscription se fait sur <a href=\"https:\/\/my.ffvolley.org\/\">my.ffvolley.org<\/a>\u00a0comme suit:<\/p>\n<ul>\n<li>Si vous n\u2019avez pas encore de compte, cliquez en bas sur \u00ab S\u2019enregistrer \u00bb. Vous recevrez alors un mail pour valider votre compte.<\/li>\n<li>Compl\u00e9ter votre profil (avec photo d\u2019identit\u00e9 et justificatif d&rsquo;identit\u00e9)<\/li>\n<li>Une fois le profil cr\u00e9\u00e9 (ainsi que le profil pour l\u2019enfant mineur, si la licence est pour lui), retournez dans l\u2019onglet Accueil et \u00ab Ajouter une nouvelle licence \u00bb<\/li>\n<li>R\u00e9pondez \u00e0 l\u2019ensemble des questions. Pour les jeunes n\u00e9s en 2010 et apr\u00e8s, il faut choisir \u00ab Licence Comp\u00e9tition \u00bb. Pour les adultes, Licence Comp\u00e9tition pour les championnats d\u00e9partementaux \u00e0 pr\u00e9nationaux, et Licence Hors Comp\u00e9tition pour les loisirs.<\/li>\n<li>Signez le formulaire: une fois sign\u00e9, il sera envoy\u00e9 au club pour validation, et une demande de paiement vous sera ensuite transmise. Vous pourrez d\u00e9duire du paiement les \u00e9ventuelles aides auxquelles vous avez droit (par exemple, l\u2019aide de 70\u20ac du Pass\u2019Sport en joignant au paiement le QRcode)<\/li>\n<li>Tarifs:<\/li>\n<\/ul>\n<table style=\"height: 778px;\" width=\"900\">\n<tbody>\n<tr>\n<td width=\"132\">\n<p style=\"text-align: center;\"><strong>Section<\/strong><\/p>\n<\/td>\n<td style=\"text-align: center;\" width=\"142\">\n<p><strong>Ann\u00e9e de naissance<\/strong><\/p>\n<\/td>\n<td style=\"text-align: center;\" width=\"180\">\n<p style=\"text-align: center;\"><strong>Tarif<br \/><u>adh\u00e9sion<\/u><\/strong><\/p>\n<\/td>\n<td width=\"161\">\n<p style=\"text-align: center;\"><strong>Suppl\u00e9ment Achat Maillot (obligatoire)<br \/><\/strong><\/p>\n<\/td>\n<\/tr>\n<tr>\n<td width=\"132\">\n<p><strong>M7 \u00a0<\/strong><em>Baby<\/em><\/p>\n<\/td>\n<td width=\"142\">\n<p><strong>2017 et apr\u00e8s<\/strong><\/p>\n<\/td>\n<td width=\"180\">\n<p style=\"text-align: center;\"><strong>120 \u20ac<\/strong><\/p>\n<\/td>\n<td width=\"161\">\n<p style=\"text-align: center;\">\u00a0<\/p>\n<\/td>\n<\/tr>\n<tr>\n<td width=\"132\">\n<p><strong>M9 \u00a0<\/strong><em>Pupille<\/em><\/p>\n<\/td>\n<td width=\"142\">\n<p><strong>2015-2016<\/strong><\/p>\n<\/td>\n<td width=\"180\">\n<p style=\"text-align: center;\"><strong>120 \u20ac<\/strong><\/p>\n<\/td>\n<td width=\"161\">\n<p style=\"text-align: center;\">\u00a0<\/p>\n<\/td>\n<\/tr>\n<tr>\n<td width=\"132\">\n<p><strong>M11 \u00a0<\/strong><em>Poussin(e)<\/em><\/p>\n<\/td>\n<td width=\"142\">\n<p><strong>2013-2014<\/strong><\/p>\n<\/td>\n<td width=\"180\">\n<p style=\"text-align: center;\"><strong>120 \u20ac<\/strong><\/p>\n<\/td>\n<td width=\"161\">\n<p style=\"text-align: center;\">\u00a0<\/p>\n<\/td>\n<\/tr>\n<tr>\n<td width=\"132\">\n<p><strong>M13 \u00a0<\/strong><em>Benjamin(e)<\/em><\/p>\n<\/td>\n<td width=\"142\">\n<p><strong>2011-2012<\/strong><\/p>\n<\/td>\n<td width=\"180\">\n<p style=\"text-align: center;\"><strong>130 \u20ac<\/strong><\/p>\n<\/td>\n<td width=\"161\">\n<p style=\"text-align: center;\">\u00a0<\/p>\n<\/td>\n<\/tr>\n<tr>\n<td width=\"132\">\n<p><strong>M15 \u00a0<\/strong><em>Minime<\/em><\/p>\n<\/td>\n<td width=\"142\">\n<p><strong>2009-2010<\/strong><\/p>\n<\/td>\n<td width=\"180\">\n<p style=\"text-align: center;\"><strong>145 \u20ac<\/strong><\/p>\n<\/td>\n<td width=\"161\">\n<p style=\"text-align: center;\"><strong>30 \u20ac<\/strong><\/p>\n<\/td>\n<\/tr>\n<tr>\n<td width=\"132\">\n<p><strong>M18 \u00a0<\/strong><em>Cadet(te)<\/em><\/p>\n<\/td>\n<td width=\"142\">\n<p><strong>2006-2007-2008<\/strong><\/p>\n<\/td>\n<td width=\"180\">\n<p style=\"text-align: center;\"><strong>155 \u20ac<\/strong><\/p>\n<\/td>\n<td width=\"161\">\n<p style=\"text-align: center;\"><strong>30 \u20ac<\/strong><\/p>\n<\/td>\n<\/tr>\n<tr>\n<td width=\"132\">\n<p><strong>M21\u00a0 <\/strong><em>Espoir\/Junior<\/em><\/p>\n<\/td>\n<td width=\"142\">\n<p><strong>2003-2004-2005<\/strong><\/p>\n<\/td>\n<td width=\"180\">\n<p style=\"text-align: center;\"><strong>160 \u20ac<\/strong><\/p>\n<\/td>\n<td width=\"161\">\n<p style=\"text-align: center;\"><strong>30 \u20ac<\/strong><\/p>\n<\/td>\n<\/tr>\n<tr>\n<td width=\"132\">\n<p><strong>Senior Comp\u00e9tition<\/strong><\/p>\n<\/td>\n<td width=\"142\">\n<p><strong>2003 et avant<\/strong><\/p>\n<\/td>\n<td width=\"180\">\n<p style=\"text-align: center;\"><b>180 \u20ac<\/b><\/p>\n<\/td>\n<td width=\"161\">\n<p style=\"text-align: center;\"><strong>30 \u20ac<\/strong><\/p>\n<\/td>\n<\/tr>\n<tr>\n<td width=\"132\">\n<p><strong>Senior Loisir<\/strong><\/p>\n<\/td>\n<td width=\"142\">\n<p><strong>2003 et avant<\/strong><\/p>\n<\/td>\n<td width=\"180\">\n<p style=\"text-align: center;\"><strong>120 \u20ac<\/strong><\/p>\n<\/td>\n<td width=\"161\">\n<p style=\"text-align: center;\">\u00a0<\/p>\n<\/td>\n<\/tr>\n<\/tbody>\n<\/table>\n<p><span style=\"color: #ff0000;\">Pour les cat\u00e9gories M18 \u00e0 Senior, une participation de 50\u20ac aux frais de mutation\/formation est demand\u00e9e pour les joueurs ayant \u00e9volu\u00e9 dans un autre club la saison pass\u00e9e.<\/span><\/p>\n<p>\u00a0<\/p>\n<p>Pour les jeunes normands de 15 \u00e0 25 ans, le club est partenaires d&rsquo;Atouts Normandie (coupon de 30 \u20ac pour la pratique du sport). <strong>Plus d&rsquo;infos sur <a href=\"https:\/\/atouts.normandie.fr\/\">https:\/\/atouts.normandie.fr\/<\/a><\/strong><\/p>\n<p>Pour les jeunes de 14 \u00e0 17 ans b\u00e9n\u00e9ficiant de l&rsquo;Allocation de Rentr\u00e9e Scolaire, le dispositif gouvernemental Pass&rsquo;Sport octroie une remise de 70\u20ac pour la pratique sportive.<\/p>\n<p><strong>Tarifs particuliers :<\/strong><\/p>\n<ul>\n<li>Dipl\u00f4me \u00ab\u00a0smashy\u00a0\u00bb obtenu suite \u00e0 une initiation suivie en \u00e9cole primaire : 60 \u20ac<\/li>\n<li>Adh\u00e9rents UNSS : 60 \u20ac<\/li>\n<li>B\u00e9n\u00e9ficiaire ARS (non b\u00e9n\u00e9ficiaires du Pass&rsquo;Sport), ASE, demandeurs d&#8217;emploi , +60 ans : r\u00e9duction de 20% (non cumulable avec le Pass&rsquo;Sport)<\/li>\n<li>R\u00e9duction Famille : 10% de r\u00e9duction \u00e0 partir de la 2\u00e8me licence (remise sur la moins co\u00fbteuse)<br \/><b><i>Rappel :\u00a0<\/i>Pour des questions d&rsquo;assurance, l&rsquo;acc\u00e8s aux s\u00e9ances d&rsquo;entra\u00eenement et match est exclusivement r\u00e9serv\u00e9 aux licenci\u00e9s (Dossier d\u2019inscription rendu complet) sinon nous demandons une d\u00e9charge sign\u00e9e.<\/b><\/li>\n<\/ul>\n<p><span style=\"text-decoration: underline;\">Documents t\u00e9l\u00e9chargeables :<\/span><\/p>\n<ul>\n<li><a href=\"https:\/\/evvsm.com\/newsite\/wp-content\/uploads\/Lettre-rentree-2025-2026_v1.pdf\">Lettre rentr\u00e9e 2025-2026<\/a><\/li>\n<li><a href=\"https:\/\/evvsm.com\/newsite\/wp-content\/uploads\/2022\/08\/Reglement_interieur_EVVSM_v1.pdf\">R\u00e8glement int\u00e9rieur EVVSM<\/a><\/li>\n<li><a href=\"https:\/\/evvsm.com\/newsite\/wp-content\/uploads\/Creneaux2025-2026.xlsx_maj2025-09-08.pdf\">Cr\u00e9neaux d&rsquo;entra\u00eenements 2025-2026<\/a><\/li>\n<\/ul>\n\n\n<p><\/p>\n","protected":false},"excerpt":{"rendered":"<p>Les inscriptions pour la saison 2025-2026 ont d\u00e9marr\u00e9 ! A partir de cette saison, l&rsquo;inscription se fait en ligne. Pensez \u00e0 vous munir d&rsquo;une photo d&rsquo;identit\u00e9 et d&rsquo;une photocopie de la carte d&rsquo;identit\u00e9 ou livret de famille. L&rsquo;inscription se fait &hellip; <a href=\"https:\/\/evvsm.com\/newsite\/inscription\/\">En lire plus <span class=\"meta-nav\">&rarr;<\/span><\/a><\/p>\n","protected":false},"author":8,"featured_media":0,"parent":0,"menu_order":0,"comment_status":"closed","ping_status":"closed","template":"","meta":[],"_links":{"self":[{"href":"https:\/\/evvsm.com\/newsite\/wp-json\/wp\/v2\/pages\/21"}],"collection":[{"href":"https:\/\/evvsm.com\/newsite\/wp-json\/wp\/v2\/pages"}],"about":[{"href":"https:\/\/evvsm.com\/newsite\/wp-json\/wp\/v2\/types\/page"}],"author":[{"embeddable":true,"href":"https:\/\/evvsm.com\/newsite\/wp-json\/wp\/v2\/users\/8"}],"replies":[{"embeddable":true,"href":"https:\/\/evvsm.com\/newsite\/wp-json\/wp\/v2\/comments?post=21"}],"version-history":[{"count":60,"href":"https:\/\/evvsm.com\/newsite\/wp-json\/wp\/v2\/pages\/21\/revisions"}],"predecessor-version":[{"id":1786,"href":"https:\/\/evvsm.com\/newsite\/wp-json\/wp\/v2\/pages\/21\/revisions\/1786"}],"wp:attachment":[{"href":"https:\/\/evvsm.com\/newsite\/wp-json\/wp\/v2\/media?parent=21"}],"curies":[{"name":"wp","href":"https:\/\/api.w.org\/{rel}","templated":true}]}}