{"id":881,"date":"2017-01-10T23:13:47","date_gmt":"2017-01-10T22:13:47","guid":{"rendered":"http:\/\/evvsm.com\/newsite\/?page_id=881"},"modified":"2024-09-27T11:38:09","modified_gmt":"2024-09-27T09:38:09","slug":"organisation","status":"publish","type":"page","link":"https:\/\/evvsm.com\/newsite\/organisation\/","title":{"rendered":"Organisation"},"content":{"rendered":"<h1><strong><span style=\"color: #ff0000;\">ACCOMPAGNEMENTS JEUNES<\/span><\/strong><\/h1>\n<p>Nous vous rappelons que de nombreux joueurs et joueuses sont engag\u00e9s dans diff\u00e9rents championnats ou regroupements de la ligue r\u00e9gionale ou du comit\u00e9 d\u00e9partemental :<br \/>\n&#8211; M9-M11 : tournois le dimanche matin de 10h \u00e0 12h30<br \/>\n&#8211; M13 : tournois le dimanche matin de 10h \u00e0 12h30<br \/>\n&#8211; M15 : tournois le samedi apr\u00e8s-midi (d\u00e9part entre 12h et 13h selon les lieux de comp\u00e9tition)<br \/>\n&#8211; M18 : tournois le samedi apr\u00e8s-midi (d\u00e9part entre 12h et 13h selon les lieux de comp\u00e9tition)<\/p>\n<p>Afin de pouvoir maintenir cette participation aux tournois, qui permet de mettre en pratique tout ce qui est vu en entra\u00eenement, nous sollicitons l&rsquo;aide des parents et adultes licenci\u00e9s du club pour l&rsquo;accompagnement de ces jeunes.<br \/>\nVous trouverez ci-dessous l&rsquo;ensemble des d\u00e9placements pr\u00e9vus \u00e0 court et moyen terme.<\/p>\n<p><strong>Nous remercions d&rsquo;avance les personnes volontaires et disponibles pour l&rsquo;aide qu&rsquo;elles peuvent apporter pour ces diff\u00e9rents tournois.<br \/>\n<span style=\"text-decoration: underline;\">Vous pouvez signaler votre disponibilit\u00e9 pour une ou plusieurs de ces dates en envoyant un mail \u00e0 l&rsquo;adresse du club, contact @ evvsm . com<\/span><\/strong><br \/>\nLes personnes qui apporteront leur aide pourront b\u00e9n\u00e9ficier, s&rsquo;ils renoncent au remboursement des frais kilom\u00e9triques, d&rsquo;une r\u00e9duction d&rsquo;imp\u00f4t, \u00e0 hauteur de 66% du tarif de 0.32 \u20ac \/ km, ainsi que du remboursement des p\u00e9ages. Un re\u00e7u fiscal sera \u00e9tabli en fin d&rsquo;ann\u00e9e civile \u00e0 partir de la d\u00e9claration fournie (mod\u00e8le <a href=\"https:\/\/evvsm.com\/newsite\/wp-content\/uploads\/2022\/10\/frais_benevole.pdf\" target=\"_blank\" rel=\"noopener\">ici<\/a>).<\/p>\n<p><span style=\"text-decoration: underline;\">Planning des comp\u00e9titions jeunes :<\/span><br \/>\n<iframe loading=\"lazy\" src=\"https:\/\/docs.google.com\/spreadsheets\/d\/1lGVUyx07Ci60mX4AfvH4_qD78YXhyKXFvYSvaageTPg\/pubhtml?gid=945461279&amp;single=true&amp;widget=false&amp;headers=false&amp;chrome=false&amp;range=a1:j180\" width=\"875\" height=\"650\" frameborder=\"1\" scrolling=\"no\"><\/iframe><\/p>\n<p><span style=\"text-decoration: underline;\">Planning des comp\u00e9titions Adultes (pour besoins en marquage\/arbitrage) :<\/span><br \/>\nLa pr\u00e9sence des marqueurs est requise entre 1h et 45 minutes avant le d\u00e9but du match.<br \/>\n<iframe loading=\"lazy\" src=\"https:\/\/docs.google.com\/spreadsheets\/d\/1lGVUyx07Ci60mX4AfvH4_qD78YXhyKXFvYSvaageTPg\/pubhtml?gid=453904848&amp;single=true&amp;widget=false&amp;headers=false&amp;chrome=false&amp;range=a1:m180\" width=\"875\" height=\"650\" frameborder=\"1\" scrolling=\"no\"><\/iframe><\/p>\n","protected":false},"excerpt":{"rendered":"<p>ACCOMPAGNEMENTS JEUNES Nous vous rappelons que de nombreux joueurs et joueuses sont engag\u00e9s dans diff\u00e9rents championnats ou regroupements de la ligue r\u00e9gionale ou du comit\u00e9 d\u00e9partemental : &#8211; M9-M11 : tournois le dimanche matin de 10h \u00e0 12h30 &#8211; M13 &hellip; <a href=\"https:\/\/evvsm.com\/newsite\/organisation\/\">En lire plus <span class=\"meta-nav\">&rarr;<\/span><\/a><\/p>\n","protected":false},"author":8,"featured_media":0,"parent":0,"menu_order":0,"comment_status":"closed","ping_status":"closed","template":"","meta":[],"_links":{"self":[{"href":"https:\/\/evvsm.com\/newsite\/wp-json\/wp\/v2\/pages\/881"}],"collection":[{"href":"https:\/\/evvsm.com\/newsite\/wp-json\/wp\/v2\/pages"}],"about":[{"href":"https:\/\/evvsm.com\/newsite\/wp-json\/wp\/v2\/types\/page"}],"author":[{"embeddable":true,"href":"https:\/\/evvsm.com\/newsite\/wp-json\/wp\/v2\/users\/8"}],"replies":[{"embeddable":true,"href":"https:\/\/evvsm.com\/newsite\/wp-json\/wp\/v2\/comments?post=881"}],"version-history":[{"count":52,"href":"https:\/\/evvsm.com\/newsite\/wp-json\/wp\/v2\/pages\/881\/revisions"}],"predecessor-version":[{"id":1604,"href":"https:\/\/evvsm.com\/newsite\/wp-json\/wp\/v2\/pages\/881\/revisions\/1604"}],"wp:attachment":[{"href":"https:\/\/evvsm.com\/newsite\/wp-json\/wp\/v2\/media?parent=881"}],"curies":[{"name":"wp","href":"https:\/\/api.w.org\/{rel}","templated":true}]}}